{"id":2239,"date":"2024-11-20T14:35:56","date_gmt":"2024-11-20T13:35:56","guid":{"rendered":"https:\/\/illumina.at\/shop\/?post_type=product&#038;p=2239"},"modified":"2025-12-01T00:00:22","modified_gmt":"2025-11-30T23:00:22","slug":"lichtergirlande-stalactit","status":"publish","type":"product","link":"https:\/\/illumina.at\/shop\/produkt\/lichtergirlande-stalactit\/","title":{"rendered":"Lichtergirlande Stalactit"},"content":{"rendered":"<p>Es k\u00f6nnen bis zu 20 Girlanden miteinander verbunden werden.<\/p>\n<p>warmwei\u00df oder kaltwei\u00df<br \/>\nInnen- und Au\u00dfenbereich<br \/>\nGummikabel wei\u00df oder schwarz bei Bestellung bekannt geben<br \/>\nH\u00f6he: 0,80 m, l\u00e4nge: 4,50 m Zusammenschl. max.: 20<br \/>\nLeistung: 16W\/230V,<\/p>\n<p>Set Artikel mit Zubeh\u00f6r<\/p>\n","protected":false},"excerpt":{"rendered":"<p>Es k\u00f6nnen bis zu 20 Girlanden miteinander verbunden werden. warmwei\u00df oder kaltwei\u00df Innen- und Au\u00dfenbereich Gummikabel wei\u00df oder schwarz bei&#8230;<\/p>\n","protected":false},"featured_media":2400,"comment_status":"open","ping_status":"closed","template":"","meta":{"_acf_changed":false},"product_brand":[],"product_cat":[251],"product_tag":[],"class_list":{"0":"post-2239","1":"product","2":"type-product","3":"status-publish","4":"has-post-thumbnail","6":"product_cat-weihnachtsbeleuchtung","8":"first","9":"instock","10":"taxable","11":"shipping-taxable","12":"purchasable","13":"product-type-simple"},"acf":[],"yoast_head":"<!-- This site is optimized with the Yoast SEO plugin v24.7 - https:\/\/yoast.com\/wordpress\/plugins\/seo\/ -->\n<title>Lichtergirlande Stalactit - Illumina - Alle Produkte<\/title>\n<meta name=\"robots\" content=\"index, follow, max-snippet:-1, max-image-preview:large, max-video-preview:-1\" \/>\n<link rel=\"canonical\" href=\"https:\/\/illumina.at\/shop\/produkt\/lichtergirlande-stalactit\/\" \/>\n<meta property=\"og:locale\" content=\"de_DE\" \/>\n<meta property=\"og:type\" content=\"article\" \/>\n<meta property=\"og:title\" content=\"Lichtergirlande Stalactit - Illumina - Alle Produkte\" \/>\n<meta property=\"og:description\" content=\"Es k\u00f6nnen bis zu 20 Girlanden miteinander verbunden werden. warmwei\u00df oder kaltwei\u00df Innen- und Au\u00dfenbereich Gummikabel wei\u00df oder schwarz bei...\" \/>\n<meta property=\"og:url\" content=\"https:\/\/illumina.at\/shop\/produkt\/lichtergirlande-stalactit\/\" \/>\n<meta property=\"og:site_name\" content=\"Illumina - Alle Produkte\" \/>\n<meta property=\"article:modified_time\" content=\"2025-11-30T23:00:22+00:00\" \/>\n<meta property=\"og:image\" content=\"http:\/\/illumina.at\/shop\/wp-content\/uploads\/stalactit-bild-e1758264004545.jpg\" \/>\n\t<meta property=\"og:image:width\" content=\"1600\" \/>\n\t<meta property=\"og:image:height\" content=\"655\" \/>\n\t<meta property=\"og:image:type\" content=\"image\/jpeg\" \/>\n<meta name=\"twitter:card\" content=\"summary_large_image\" \/>\n<meta name=\"twitter:label1\" content=\"Gesch\u00e4tzte Lesezeit\" \/>\n\t<meta name=\"twitter:data1\" content=\"1\u00a0Minute\" \/>\n<script type=\"application\/ld+json\" class=\"yoast-schema-graph\">{\"@context\":\"https:\/\/schema.org\",\"@graph\":[{\"@type\":\"WebPage\",\"@id\":\"https:\/\/illumina.at\/shop\/produkt\/lichtergirlande-stalactit\/\",\"url\":\"https:\/\/illumina.at\/shop\/produkt\/lichtergirlande-stalactit\/\",\"name\":\"Lichtergirlande Stalactit - Illumina - Alle Produkte\",\"isPartOf\":{\"@id\":\"https:\/\/illumina.at\/shop\/#website\"},\"primaryImageOfPage\":{\"@id\":\"https:\/\/illumina.at\/shop\/produkt\/lichtergirlande-stalactit\/#primaryimage\"},\"image\":{\"@id\":\"https:\/\/illumina.at\/shop\/produkt\/lichtergirlande-stalactit\/#primaryimage\"},\"thumbnailUrl\":\"https:\/\/illumina.at\/shop\/wp-content\/uploads\/stalactit-bild-e1758264004545.jpg\",\"datePublished\":\"2024-11-20T13:35:56+00:00\",\"dateModified\":\"2025-11-30T23:00:22+00:00\",\"breadcrumb\":{\"@id\":\"https:\/\/illumina.at\/shop\/produkt\/lichtergirlande-stalactit\/#breadcrumb\"},\"inLanguage\":\"de\",\"potentialAction\":[{\"@type\":\"ReadAction\",\"target\":[\"https:\/\/illumina.at\/shop\/produkt\/lichtergirlande-stalactit\/\"]}]},{\"@type\":\"ImageObject\",\"inLanguage\":\"de\",\"@id\":\"https:\/\/illumina.at\/shop\/produkt\/lichtergirlande-stalactit\/#primaryimage\",\"url\":\"https:\/\/illumina.at\/shop\/wp-content\/uploads\/stalactit-bild-e1758264004545.jpg\",\"contentUrl\":\"https:\/\/illumina.at\/shop\/wp-content\/uploads\/stalactit-bild-e1758264004545.jpg\",\"width\":1600,\"height\":655},{\"@type\":\"BreadcrumbList\",\"@id\":\"https:\/\/illumina.at\/shop\/produkt\/lichtergirlande-stalactit\/#breadcrumb\",\"itemListElement\":[{\"@type\":\"ListItem\",\"position\":1,\"name\":\"Home\",\"item\":\"https:\/\/illumina.at\/shop\/\"},{\"@type\":\"ListItem\",\"position\":2,\"name\":\"Produkte\",\"item\":\"https:\/\/illumina.at\/shop\/\"},{\"@type\":\"ListItem\",\"position\":3,\"name\":\"Lichtergirlande Stalactit\"}]},{\"@type\":\"WebSite\",\"@id\":\"https:\/\/illumina.at\/shop\/#website\",\"url\":\"https:\/\/illumina.at\/shop\/\",\"name\":\"Illumina - Alle Produkte\",\"description\":\"\",\"publisher\":{\"@id\":\"https:\/\/illumina.at\/shop\/#organization\"},\"potentialAction\":[{\"@type\":\"SearchAction\",\"target\":{\"@type\":\"EntryPoint\",\"urlTemplate\":\"https:\/\/illumina.at\/shop\/?s={search_term_string}\"},\"query-input\":{\"@type\":\"PropertyValueSpecification\",\"valueRequired\":true,\"valueName\":\"search_term_string\"}}],\"inLanguage\":\"de\"},{\"@type\":\"Organization\",\"@id\":\"https:\/\/illumina.at\/shop\/#organization\",\"name\":\"Illumina - Alle Produkte\",\"url\":\"https:\/\/illumina.at\/shop\/\",\"logo\":{\"@type\":\"ImageObject\",\"inLanguage\":\"de\",\"@id\":\"https:\/\/illumina.at\/shop\/#\/schema\/logo\/image\/\",\"url\":\"https:\/\/illumina.at\/shop\/wp-content\/uploads\/cropped-Illumina_Logo-768x257-1.webp\",\"contentUrl\":\"https:\/\/illumina.at\/shop\/wp-content\/uploads\/cropped-Illumina_Logo-768x257-1.webp\",\"width\":250,\"height\":84,\"caption\":\"Illumina - Alle Produkte\"},\"image\":{\"@id\":\"https:\/\/illumina.at\/shop\/#\/schema\/logo\/image\/\"}}]}<\/script>\n<!-- \/ Yoast SEO plugin. -->","yoast_head_json":{"title":"Lichtergirlande Stalactit - Illumina - Alle Produkte","robots":{"index":"index","follow":"follow","max-snippet":"max-snippet:-1","max-image-preview":"max-image-preview:large","max-video-preview":"max-video-preview:-1"},"canonical":"https:\/\/illumina.at\/shop\/produkt\/lichtergirlande-stalactit\/","og_locale":"de_DE","og_type":"article","og_title":"Lichtergirlande Stalactit - Illumina - Alle Produkte","og_description":"Es k\u00f6nnen bis zu 20 Girlanden miteinander verbunden werden. warmwei\u00df oder kaltwei\u00df Innen- und Au\u00dfenbereich Gummikabel wei\u00df oder schwarz bei...","og_url":"https:\/\/illumina.at\/shop\/produkt\/lichtergirlande-stalactit\/","og_site_name":"Illumina - Alle Produkte","article_modified_time":"2025-11-30T23:00:22+00:00","og_image":[{"width":1600,"height":655,"url":"http:\/\/illumina.at\/shop\/wp-content\/uploads\/stalactit-bild-e1758264004545.jpg","type":"image\/jpeg"}],"twitter_card":"summary_large_image","twitter_misc":{"Gesch\u00e4tzte Lesezeit":"1\u00a0Minute"},"schema":{"@context":"https:\/\/schema.org","@graph":[{"@type":"WebPage","@id":"https:\/\/illumina.at\/shop\/produkt\/lichtergirlande-stalactit\/","url":"https:\/\/illumina.at\/shop\/produkt\/lichtergirlande-stalactit\/","name":"Lichtergirlande Stalactit - Illumina - Alle Produkte","isPartOf":{"@id":"https:\/\/illumina.at\/shop\/#website"},"primaryImageOfPage":{"@id":"https:\/\/illumina.at\/shop\/produkt\/lichtergirlande-stalactit\/#primaryimage"},"image":{"@id":"https:\/\/illumina.at\/shop\/produkt\/lichtergirlande-stalactit\/#primaryimage"},"thumbnailUrl":"https:\/\/illumina.at\/shop\/wp-content\/uploads\/stalactit-bild-e1758264004545.jpg","datePublished":"2024-11-20T13:35:56+00:00","dateModified":"2025-11-30T23:00:22+00:00","breadcrumb":{"@id":"https:\/\/illumina.at\/shop\/produkt\/lichtergirlande-stalactit\/#breadcrumb"},"inLanguage":"de","potentialAction":[{"@type":"ReadAction","target":["https:\/\/illumina.at\/shop\/produkt\/lichtergirlande-stalactit\/"]}]},{"@type":"ImageObject","inLanguage":"de","@id":"https:\/\/illumina.at\/shop\/produkt\/lichtergirlande-stalactit\/#primaryimage","url":"https:\/\/illumina.at\/shop\/wp-content\/uploads\/stalactit-bild-e1758264004545.jpg","contentUrl":"https:\/\/illumina.at\/shop\/wp-content\/uploads\/stalactit-bild-e1758264004545.jpg","width":1600,"height":655},{"@type":"BreadcrumbList","@id":"https:\/\/illumina.at\/shop\/produkt\/lichtergirlande-stalactit\/#breadcrumb","itemListElement":[{"@type":"ListItem","position":1,"name":"Home","item":"https:\/\/illumina.at\/shop\/"},{"@type":"ListItem","position":2,"name":"Produkte","item":"https:\/\/illumina.at\/shop\/"},{"@type":"ListItem","position":3,"name":"Lichtergirlande Stalactit"}]},{"@type":"WebSite","@id":"https:\/\/illumina.at\/shop\/#website","url":"https:\/\/illumina.at\/shop\/","name":"Illumina - Alle Produkte","description":"","publisher":{"@id":"https:\/\/illumina.at\/shop\/#organization"},"potentialAction":[{"@type":"SearchAction","target":{"@type":"EntryPoint","urlTemplate":"https:\/\/illumina.at\/shop\/?s={search_term_string}"},"query-input":{"@type":"PropertyValueSpecification","valueRequired":true,"valueName":"search_term_string"}}],"inLanguage":"de"},{"@type":"Organization","@id":"https:\/\/illumina.at\/shop\/#organization","name":"Illumina - Alle Produkte","url":"https:\/\/illumina.at\/shop\/","logo":{"@type":"ImageObject","inLanguage":"de","@id":"https:\/\/illumina.at\/shop\/#\/schema\/logo\/image\/","url":"https:\/\/illumina.at\/shop\/wp-content\/uploads\/cropped-Illumina_Logo-768x257-1.webp","contentUrl":"https:\/\/illumina.at\/shop\/wp-content\/uploads\/cropped-Illumina_Logo-768x257-1.webp","width":250,"height":84,"caption":"Illumina - Alle Produkte"},"image":{"@id":"https:\/\/illumina.at\/shop\/#\/schema\/logo\/image\/"}}]}},"_links":{"self":[{"href":"https:\/\/illumina.at\/shop\/wp-json\/wp\/v2\/product\/2239","targetHints":{"allow":["GET"]}}],"collection":[{"href":"https:\/\/illumina.at\/shop\/wp-json\/wp\/v2\/product"}],"about":[{"href":"https:\/\/illumina.at\/shop\/wp-json\/wp\/v2\/types\/product"}],"replies":[{"embeddable":true,"href":"https:\/\/illumina.at\/shop\/wp-json\/wp\/v2\/comments?post=2239"}],"wp:featuredmedia":[{"embeddable":true,"href":"https:\/\/illumina.at\/shop\/wp-json\/wp\/v2\/media\/2400"}],"wp:attachment":[{"href":"https:\/\/illumina.at\/shop\/wp-json\/wp\/v2\/media?parent=2239"}],"wp:term":[{"taxonomy":"product_brand","embeddable":true,"href":"https:\/\/illumina.at\/shop\/wp-json\/wp\/v2\/product_brand?post=2239"},{"taxonomy":"product_cat","embeddable":true,"href":"https:\/\/illumina.at\/shop\/wp-json\/wp\/v2\/product_cat?post=2239"},{"taxonomy":"product_tag","embeddable":true,"href":"https:\/\/illumina.at\/shop\/wp-json\/wp\/v2\/product_tag?post=2239"}],"curies":[{"name":"wp","href":"https:\/\/api.w.org\/{rel}","templated":true}]}}