{"id":1543,"date":"2022-09-01T10:05:05","date_gmt":"2022-09-01T08:05:05","guid":{"rendered":"http:\/\/illumina.at\/shop\/?post_type=product&#038;p=1543"},"modified":"2022-09-06T11:18:03","modified_gmt":"2022-09-06T09:18:03","slug":"abdeckrahmen-nickel-gebuerstet-rund-fuer-sys-68-spot-serie","status":"publish","type":"product","link":"https:\/\/illumina.at\/shop\/produkt\/abdeckrahmen-nickel-gebuerstet-rund-fuer-sys-68-spot-serie\/","title":{"rendered":"Abdeckrahmen nickel geb\u00fcrstet rund f\u00fcr Sys-68 Spot Serie"},"content":{"rendered":"<p>Aluminiumrahmen<\/p>\n<p>DM 85mm<\/p>\n<p>nickel geb\u00fcrstet<\/p>\n<p>passend f\u00fcr Einbaustrahler der Serie Sys-68<\/p>\n","protected":false},"excerpt":{"rendered":"<p>Aluminiumrahmen DM 85mm nickel geb\u00fcrstet passend f\u00fcr Einbaustrahler der Serie Sys-68<\/p>\n","protected":false},"featured_media":1610,"comment_status":"open","ping_status":"closed","template":"","meta":{"_acf_changed":false},"product_brand":[],"product_cat":[204],"product_tag":[207,209,205,206],"class_list":{"0":"post-1543","1":"product","2":"type-product","3":"status-publish","4":"has-post-thumbnail","6":"product_cat-led-spot","7":"product_tag-68mm","8":"product_tag-gu10","9":"product_tag-spot","10":"product_tag-strahler","12":"first","13":"instock","14":"taxable","15":"shipping-taxable","16":"purchasable","17":"product-type-simple"},"acf":[],"yoast_head":"<!-- This site is optimized with the Yoast SEO plugin v24.7 - https:\/\/yoast.com\/wordpress\/plugins\/seo\/ -->\n<title>Abdeckrahmen nickel geb\u00fcrstet rund f\u00fcr Sys-68 Spot Serie - Illumina - Alle Produkte<\/title>\n<meta name=\"robots\" content=\"index, follow, max-snippet:-1, max-image-preview:large, max-video-preview:-1\" \/>\n<link rel=\"canonical\" href=\"https:\/\/illumina.at\/shop\/produkt\/abdeckrahmen-nickel-gebuerstet-rund-fuer-sys-68-spot-serie\/\" \/>\n<meta property=\"og:locale\" content=\"de_DE\" \/>\n<meta property=\"og:type\" content=\"article\" \/>\n<meta property=\"og:title\" content=\"Abdeckrahmen nickel geb\u00fcrstet rund f\u00fcr Sys-68 Spot Serie - Illumina - Alle Produkte\" \/>\n<meta property=\"og:description\" content=\"Aluminiumrahmen DM 85mm nickel geb\u00fcrstet passend f\u00fcr Einbaustrahler der Serie Sys-68\" \/>\n<meta property=\"og:url\" content=\"https:\/\/illumina.at\/shop\/produkt\/abdeckrahmen-nickel-gebuerstet-rund-fuer-sys-68-spot-serie\/\" \/>\n<meta property=\"og:site_name\" content=\"Illumina - Alle Produkte\" \/>\n<meta property=\"article:modified_time\" content=\"2022-09-06T09:18:03+00:00\" \/>\n<meta property=\"og:image\" content=\"https:\/\/illumina.at\/shop\/wp-content\/uploads\/113060_1a.jpg\" \/>\n\t<meta property=\"og:image:width\" content=\"699\" \/>\n\t<meta property=\"og:image:height\" content=\"575\" \/>\n\t<meta property=\"og:image:type\" content=\"image\/jpeg\" \/>\n<meta name=\"twitter:card\" content=\"summary_large_image\" \/>\n<script type=\"application\/ld+json\" class=\"yoast-schema-graph\">{\"@context\":\"https:\/\/schema.org\",\"@graph\":[{\"@type\":\"WebPage\",\"@id\":\"https:\/\/illumina.at\/shop\/produkt\/abdeckrahmen-nickel-gebuerstet-rund-fuer-sys-68-spot-serie\/\",\"url\":\"https:\/\/illumina.at\/shop\/produkt\/abdeckrahmen-nickel-gebuerstet-rund-fuer-sys-68-spot-serie\/\",\"name\":\"Abdeckrahmen nickel geb\u00fcrstet rund f\u00fcr Sys-68 Spot Serie - Illumina - Alle Produkte\",\"isPartOf\":{\"@id\":\"https:\/\/illumina.at\/shop\/#website\"},\"primaryImageOfPage\":{\"@id\":\"https:\/\/illumina.at\/shop\/produkt\/abdeckrahmen-nickel-gebuerstet-rund-fuer-sys-68-spot-serie\/#primaryimage\"},\"image\":{\"@id\":\"https:\/\/illumina.at\/shop\/produkt\/abdeckrahmen-nickel-gebuerstet-rund-fuer-sys-68-spot-serie\/#primaryimage\"},\"thumbnailUrl\":\"https:\/\/illumina.at\/shop\/wp-content\/uploads\/113060_1a.jpg\",\"datePublished\":\"2022-09-01T08:05:05+00:00\",\"dateModified\":\"2022-09-06T09:18:03+00:00\",\"breadcrumb\":{\"@id\":\"https:\/\/illumina.at\/shop\/produkt\/abdeckrahmen-nickel-gebuerstet-rund-fuer-sys-68-spot-serie\/#breadcrumb\"},\"inLanguage\":\"de\",\"potentialAction\":[{\"@type\":\"ReadAction\",\"target\":[\"https:\/\/illumina.at\/shop\/produkt\/abdeckrahmen-nickel-gebuerstet-rund-fuer-sys-68-spot-serie\/\"]}]},{\"@type\":\"ImageObject\",\"inLanguage\":\"de\",\"@id\":\"https:\/\/illumina.at\/shop\/produkt\/abdeckrahmen-nickel-gebuerstet-rund-fuer-sys-68-spot-serie\/#primaryimage\",\"url\":\"https:\/\/illumina.at\/shop\/wp-content\/uploads\/113060_1a.jpg\",\"contentUrl\":\"https:\/\/illumina.at\/shop\/wp-content\/uploads\/113060_1a.jpg\",\"width\":699,\"height\":575},{\"@type\":\"BreadcrumbList\",\"@id\":\"https:\/\/illumina.at\/shop\/produkt\/abdeckrahmen-nickel-gebuerstet-rund-fuer-sys-68-spot-serie\/#breadcrumb\",\"itemListElement\":[{\"@type\":\"ListItem\",\"position\":1,\"name\":\"Home\",\"item\":\"https:\/\/illumina.at\/shop\/\"},{\"@type\":\"ListItem\",\"position\":2,\"name\":\"Produkte\",\"item\":\"https:\/\/illumina.at\/shop\/\"},{\"@type\":\"ListItem\",\"position\":3,\"name\":\"Abdeckrahmen nickel geb\u00fcrstet rund f\u00fcr Sys-68 Spot Serie\"}]},{\"@type\":\"WebSite\",\"@id\":\"https:\/\/illumina.at\/shop\/#website\",\"url\":\"https:\/\/illumina.at\/shop\/\",\"name\":\"Illumina - Alle Produkte\",\"description\":\"\",\"publisher\":{\"@id\":\"https:\/\/illumina.at\/shop\/#organization\"},\"potentialAction\":[{\"@type\":\"SearchAction\",\"target\":{\"@type\":\"EntryPoint\",\"urlTemplate\":\"https:\/\/illumina.at\/shop\/?s={search_term_string}\"},\"query-input\":{\"@type\":\"PropertyValueSpecification\",\"valueRequired\":true,\"valueName\":\"search_term_string\"}}],\"inLanguage\":\"de\"},{\"@type\":\"Organization\",\"@id\":\"https:\/\/illumina.at\/shop\/#organization\",\"name\":\"Illumina - Alle Produkte\",\"url\":\"https:\/\/illumina.at\/shop\/\",\"logo\":{\"@type\":\"ImageObject\",\"inLanguage\":\"de\",\"@id\":\"https:\/\/illumina.at\/shop\/#\/schema\/logo\/image\/\",\"url\":\"https:\/\/illumina.at\/shop\/wp-content\/uploads\/cropped-Illumina_Logo-768x257-1.webp\",\"contentUrl\":\"https:\/\/illumina.at\/shop\/wp-content\/uploads\/cropped-Illumina_Logo-768x257-1.webp\",\"width\":250,\"height\":84,\"caption\":\"Illumina - Alle Produkte\"},\"image\":{\"@id\":\"https:\/\/illumina.at\/shop\/#\/schema\/logo\/image\/\"}}]}<\/script>\n<!-- \/ Yoast SEO plugin. -->","yoast_head_json":{"title":"Abdeckrahmen nickel geb\u00fcrstet rund f\u00fcr Sys-68 Spot Serie - Illumina - Alle Produkte","robots":{"index":"index","follow":"follow","max-snippet":"max-snippet:-1","max-image-preview":"max-image-preview:large","max-video-preview":"max-video-preview:-1"},"canonical":"https:\/\/illumina.at\/shop\/produkt\/abdeckrahmen-nickel-gebuerstet-rund-fuer-sys-68-spot-serie\/","og_locale":"de_DE","og_type":"article","og_title":"Abdeckrahmen nickel geb\u00fcrstet rund f\u00fcr Sys-68 Spot Serie - Illumina - Alle Produkte","og_description":"Aluminiumrahmen DM 85mm nickel geb\u00fcrstet passend f\u00fcr Einbaustrahler der Serie Sys-68","og_url":"https:\/\/illumina.at\/shop\/produkt\/abdeckrahmen-nickel-gebuerstet-rund-fuer-sys-68-spot-serie\/","og_site_name":"Illumina - Alle Produkte","article_modified_time":"2022-09-06T09:18:03+00:00","og_image":[{"width":699,"height":575,"url":"https:\/\/illumina.at\/shop\/wp-content\/uploads\/113060_1a.jpg","type":"image\/jpeg"}],"twitter_card":"summary_large_image","schema":{"@context":"https:\/\/schema.org","@graph":[{"@type":"WebPage","@id":"https:\/\/illumina.at\/shop\/produkt\/abdeckrahmen-nickel-gebuerstet-rund-fuer-sys-68-spot-serie\/","url":"https:\/\/illumina.at\/shop\/produkt\/abdeckrahmen-nickel-gebuerstet-rund-fuer-sys-68-spot-serie\/","name":"Abdeckrahmen nickel geb\u00fcrstet rund f\u00fcr Sys-68 Spot Serie - Illumina - Alle Produkte","isPartOf":{"@id":"https:\/\/illumina.at\/shop\/#website"},"primaryImageOfPage":{"@id":"https:\/\/illumina.at\/shop\/produkt\/abdeckrahmen-nickel-gebuerstet-rund-fuer-sys-68-spot-serie\/#primaryimage"},"image":{"@id":"https:\/\/illumina.at\/shop\/produkt\/abdeckrahmen-nickel-gebuerstet-rund-fuer-sys-68-spot-serie\/#primaryimage"},"thumbnailUrl":"https:\/\/illumina.at\/shop\/wp-content\/uploads\/113060_1a.jpg","datePublished":"2022-09-01T08:05:05+00:00","dateModified":"2022-09-06T09:18:03+00:00","breadcrumb":{"@id":"https:\/\/illumina.at\/shop\/produkt\/abdeckrahmen-nickel-gebuerstet-rund-fuer-sys-68-spot-serie\/#breadcrumb"},"inLanguage":"de","potentialAction":[{"@type":"ReadAction","target":["https:\/\/illumina.at\/shop\/produkt\/abdeckrahmen-nickel-gebuerstet-rund-fuer-sys-68-spot-serie\/"]}]},{"@type":"ImageObject","inLanguage":"de","@id":"https:\/\/illumina.at\/shop\/produkt\/abdeckrahmen-nickel-gebuerstet-rund-fuer-sys-68-spot-serie\/#primaryimage","url":"https:\/\/illumina.at\/shop\/wp-content\/uploads\/113060_1a.jpg","contentUrl":"https:\/\/illumina.at\/shop\/wp-content\/uploads\/113060_1a.jpg","width":699,"height":575},{"@type":"BreadcrumbList","@id":"https:\/\/illumina.at\/shop\/produkt\/abdeckrahmen-nickel-gebuerstet-rund-fuer-sys-68-spot-serie\/#breadcrumb","itemListElement":[{"@type":"ListItem","position":1,"name":"Home","item":"https:\/\/illumina.at\/shop\/"},{"@type":"ListItem","position":2,"name":"Produkte","item":"https:\/\/illumina.at\/shop\/"},{"@type":"ListItem","position":3,"name":"Abdeckrahmen nickel geb\u00fcrstet rund f\u00fcr Sys-68 Spot Serie"}]},{"@type":"WebSite","@id":"https:\/\/illumina.at\/shop\/#website","url":"https:\/\/illumina.at\/shop\/","name":"Illumina - Alle Produkte","description":"","publisher":{"@id":"https:\/\/illumina.at\/shop\/#organization"},"potentialAction":[{"@type":"SearchAction","target":{"@type":"EntryPoint","urlTemplate":"https:\/\/illumina.at\/shop\/?s={search_term_string}"},"query-input":{"@type":"PropertyValueSpecification","valueRequired":true,"valueName":"search_term_string"}}],"inLanguage":"de"},{"@type":"Organization","@id":"https:\/\/illumina.at\/shop\/#organization","name":"Illumina - Alle Produkte","url":"https:\/\/illumina.at\/shop\/","logo":{"@type":"ImageObject","inLanguage":"de","@id":"https:\/\/illumina.at\/shop\/#\/schema\/logo\/image\/","url":"https:\/\/illumina.at\/shop\/wp-content\/uploads\/cropped-Illumina_Logo-768x257-1.webp","contentUrl":"https:\/\/illumina.at\/shop\/wp-content\/uploads\/cropped-Illumina_Logo-768x257-1.webp","width":250,"height":84,"caption":"Illumina - Alle Produkte"},"image":{"@id":"https:\/\/illumina.at\/shop\/#\/schema\/logo\/image\/"}}]}},"_links":{"self":[{"href":"https:\/\/illumina.at\/shop\/wp-json\/wp\/v2\/product\/1543","targetHints":{"allow":["GET"]}}],"collection":[{"href":"https:\/\/illumina.at\/shop\/wp-json\/wp\/v2\/product"}],"about":[{"href":"https:\/\/illumina.at\/shop\/wp-json\/wp\/v2\/types\/product"}],"replies":[{"embeddable":true,"href":"https:\/\/illumina.at\/shop\/wp-json\/wp\/v2\/comments?post=1543"}],"wp:featuredmedia":[{"embeddable":true,"href":"https:\/\/illumina.at\/shop\/wp-json\/wp\/v2\/media\/1610"}],"wp:attachment":[{"href":"https:\/\/illumina.at\/shop\/wp-json\/wp\/v2\/media?parent=1543"}],"wp:term":[{"taxonomy":"product_brand","embeddable":true,"href":"https:\/\/illumina.at\/shop\/wp-json\/wp\/v2\/product_brand?post=1543"},{"taxonomy":"product_cat","embeddable":true,"href":"https:\/\/illumina.at\/shop\/wp-json\/wp\/v2\/product_cat?post=1543"},{"taxonomy":"product_tag","embeddable":true,"href":"https:\/\/illumina.at\/shop\/wp-json\/wp\/v2\/product_tag?post=1543"}],"curies":[{"name":"wp","href":"https:\/\/api.w.org\/{rel}","templated":true}]}}