{"id":2284,"date":"2025-03-25T09:57:28","date_gmt":"2025-03-25T08:57:28","guid":{"rendered":"https:\/\/illumina.at\/shop\/?page_id=2284"},"modified":"2025-03-25T10:53:34","modified_gmt":"2025-03-25T09:53:34","slug":"versand-und-rueckgabe","status":"publish","type":"page","link":"https:\/\/illumina.at\/shop\/versand-und-rueckgabe\/","title":{"rendered":"Versand und R\u00fcckgabe"},"content":{"rendered":"<div style=\"height:48px\" aria-hidden=\"true\" class=\"wp-block-spacer\"><\/div><p><\/p><p><\/p><h3 class=\"wp-block-heading\">Versandbedingungen<\/h3><p>Wir liefern innerhalb der EU mit unseren Versandpartnern DPD.<\/p><p>Die Lieferzeit betr\u00e4gt in der Regel innerhalb \u00d6sterreich 2-5 Werktage, restliche EU 5-7 Werktage nach Zahlungseingang.<\/p><p>Produktionszeit f\u00fcr Stuckprofile 3-7 Werktage.<\/p><p>Versandkosten variieren je nach Bestellwert und Lieferland. Die genauen Kosten werden im Checkout-Prozess angezeigt.<\/p><p>Sobald Ihre Bestellung versendet wurde, erhalten Sie eine Versandbest\u00e4tigung mit einer Sendungsverfolgungsnummer.<\/p><div style=\"height:43px\" aria-hidden=\"true\" class=\"wp-block-spacer\"><\/div><h3 class=\"wp-block-heading\">R\u00fcckgabe &amp; Widerruf<\/h3><p>Sie haben das Recht, Ihre Bestellung innerhalb von 14 Tagen nach Erhalt ohne Angabe von Gr\u00fcnden zu widerrufen.<\/p><p>Um eine R\u00fcckgabe einzuleiten, kontaktieren Sie uns bitte per E-Mail unter office@illumina.at.<\/p><p>Die Ware muss unbenutzt, unbesch\u00e4digt und in der Originalverpackung zur\u00fcckgesendet werden.<\/p><p>Die Kosten f\u00fcr die R\u00fccksendung tr\u00e4gt der K\u00e4ufer, es sei denn, die R\u00fccksendung erfolgt aufgrund eines Mangels oder Fehlers unsererseits.<\/p><p>Nach Erhalt und Pr\u00fcfung der R\u00fccksendung erstatten wir den Kaufbetrag innerhalb von 7-14 Werktagen auf die von Ihnen angegebene IBAN.<\/p><div style=\"height:43px\" aria-hidden=\"true\" class=\"wp-block-spacer\"><\/div><h3 class=\"wp-block-heading\">Kontakt<\/h3><p>Falls Sie Fragen zum Versand oder zur R\u00fcckgabe haben, erreichen Sie uns unter:<\/p><p>E-Mail: <a href=\"mailto:office@illumina.at\">office@illumina.at<\/a><\/p><p>Telefon:<a href=\"tel:0043775287778\"> +43 (0) 7752 87778<\/a><\/p><p>Adresse: Illumina Licht &amp; Service GmbH<\/p><p>Bahnhofstra\u00dfe 19<\/p><p>4910 Ried im Innkreis<\/p>","protected":false},"excerpt":{"rendered":"<p>Versandbedingungen Wir liefern innerhalb der EU mit unseren Versandpartnern DPD. Die Lieferzeit betr\u00e4gt in der Regel innerhalb \u00d6sterreich 2-5 Werktage,&#8230;<\/p>\n","protected":false},"author":1,"featured_media":0,"parent":0,"menu_order":0,"comment_status":"closed","ping_status":"closed","template":"","meta":{"_acf_changed":false,"footnotes":""},"class_list":["post-2284","page","type-page","status-publish","hentry"],"acf":[],"yoast_head":"<!-- This site is optimized with the Yoast SEO plugin v24.7 - https:\/\/yoast.com\/wordpress\/plugins\/seo\/ -->\n<title>Versand und R\u00fcckgabe - Illumina - Alle Produkte<\/title>\n<meta name=\"robots\" content=\"index, follow, max-snippet:-1, max-image-preview:large, max-video-preview:-1\" \/>\n<link rel=\"canonical\" href=\"https:\/\/illumina.at\/shop\/versand-und-rueckgabe\/\" \/>\n<meta property=\"og:locale\" content=\"de_DE\" \/>\n<meta property=\"og:type\" content=\"article\" \/>\n<meta property=\"og:title\" content=\"Versand und R\u00fcckgabe - Illumina - Alle Produkte\" \/>\n<meta property=\"og:description\" content=\"Versandbedingungen Wir liefern innerhalb der EU mit unseren Versandpartnern DPD. Die Lieferzeit betr\u00e4gt in der Regel innerhalb \u00d6sterreich 2-5 Werktage,...\" \/>\n<meta property=\"og:url\" content=\"https:\/\/illumina.at\/shop\/versand-und-rueckgabe\/\" \/>\n<meta property=\"og:site_name\" content=\"Illumina - Alle Produkte\" \/>\n<meta property=\"article:modified_time\" content=\"2025-03-25T09:53:34+00:00\" \/>\n<meta name=\"twitter:card\" content=\"summary_large_image\" \/>\n<meta name=\"twitter:label1\" content=\"Gesch\u00e4tzte Lesezeit\" \/>\n\t<meta name=\"twitter:data1\" content=\"1\u00a0Minute\" \/>\n<script type=\"application\/ld+json\" class=\"yoast-schema-graph\">{\"@context\":\"https:\/\/schema.org\",\"@graph\":[{\"@type\":\"WebPage\",\"@id\":\"https:\/\/illumina.at\/shop\/versand-und-rueckgabe\/\",\"url\":\"https:\/\/illumina.at\/shop\/versand-und-rueckgabe\/\",\"name\":\"Versand und R\u00fcckgabe - Illumina - Alle Produkte\",\"isPartOf\":{\"@id\":\"https:\/\/illumina.at\/shop\/#website\"},\"datePublished\":\"2025-03-25T08:57:28+00:00\",\"dateModified\":\"2025-03-25T09:53:34+00:00\",\"breadcrumb\":{\"@id\":\"https:\/\/illumina.at\/shop\/versand-und-rueckgabe\/#breadcrumb\"},\"inLanguage\":\"de\",\"potentialAction\":[{\"@type\":\"ReadAction\",\"target\":[\"https:\/\/illumina.at\/shop\/versand-und-rueckgabe\/\"]}]},{\"@type\":\"BreadcrumbList\",\"@id\":\"https:\/\/illumina.at\/shop\/versand-und-rueckgabe\/#breadcrumb\",\"itemListElement\":[{\"@type\":\"ListItem\",\"position\":1,\"name\":\"Home\",\"item\":\"https:\/\/illumina.at\/shop\/\"},{\"@type\":\"ListItem\",\"position\":2,\"name\":\"Versand und R\u00fcckgabe\"}]},{\"@type\":\"WebSite\",\"@id\":\"https:\/\/illumina.at\/shop\/#website\",\"url\":\"https:\/\/illumina.at\/shop\/\",\"name\":\"Illumina - Alle Produkte\",\"description\":\"\",\"publisher\":{\"@id\":\"https:\/\/illumina.at\/shop\/#organization\"},\"potentialAction\":[{\"@type\":\"SearchAction\",\"target\":{\"@type\":\"EntryPoint\",\"urlTemplate\":\"https:\/\/illumina.at\/shop\/?s={search_term_string}\"},\"query-input\":{\"@type\":\"PropertyValueSpecification\",\"valueRequired\":true,\"valueName\":\"search_term_string\"}}],\"inLanguage\":\"de\"},{\"@type\":\"Organization\",\"@id\":\"https:\/\/illumina.at\/shop\/#organization\",\"name\":\"Illumina - Alle Produkte\",\"url\":\"https:\/\/illumina.at\/shop\/\",\"logo\":{\"@type\":\"ImageObject\",\"inLanguage\":\"de\",\"@id\":\"https:\/\/illumina.at\/shop\/#\/schema\/logo\/image\/\",\"url\":\"https:\/\/illumina.at\/shop\/wp-content\/uploads\/cropped-Illumina_Logo-768x257-1.webp\",\"contentUrl\":\"https:\/\/illumina.at\/shop\/wp-content\/uploads\/cropped-Illumina_Logo-768x257-1.webp\",\"width\":250,\"height\":84,\"caption\":\"Illumina - Alle Produkte\"},\"image\":{\"@id\":\"https:\/\/illumina.at\/shop\/#\/schema\/logo\/image\/\"}}]}<\/script>\n<!-- \/ Yoast SEO plugin. -->","yoast_head_json":{"title":"Versand und R\u00fcckgabe - Illumina - Alle Produkte","robots":{"index":"index","follow":"follow","max-snippet":"max-snippet:-1","max-image-preview":"max-image-preview:large","max-video-preview":"max-video-preview:-1"},"canonical":"https:\/\/illumina.at\/shop\/versand-und-rueckgabe\/","og_locale":"de_DE","og_type":"article","og_title":"Versand und R\u00fcckgabe - Illumina - Alle Produkte","og_description":"Versandbedingungen Wir liefern innerhalb der EU mit unseren Versandpartnern DPD. Die Lieferzeit betr\u00e4gt in der Regel innerhalb \u00d6sterreich 2-5 Werktage,...","og_url":"https:\/\/illumina.at\/shop\/versand-und-rueckgabe\/","og_site_name":"Illumina - Alle Produkte","article_modified_time":"2025-03-25T09:53:34+00:00","twitter_card":"summary_large_image","twitter_misc":{"Gesch\u00e4tzte Lesezeit":"1\u00a0Minute"},"schema":{"@context":"https:\/\/schema.org","@graph":[{"@type":"WebPage","@id":"https:\/\/illumina.at\/shop\/versand-und-rueckgabe\/","url":"https:\/\/illumina.at\/shop\/versand-und-rueckgabe\/","name":"Versand und R\u00fcckgabe - Illumina - Alle Produkte","isPartOf":{"@id":"https:\/\/illumina.at\/shop\/#website"},"datePublished":"2025-03-25T08:57:28+00:00","dateModified":"2025-03-25T09:53:34+00:00","breadcrumb":{"@id":"https:\/\/illumina.at\/shop\/versand-und-rueckgabe\/#breadcrumb"},"inLanguage":"de","potentialAction":[{"@type":"ReadAction","target":["https:\/\/illumina.at\/shop\/versand-und-rueckgabe\/"]}]},{"@type":"BreadcrumbList","@id":"https:\/\/illumina.at\/shop\/versand-und-rueckgabe\/#breadcrumb","itemListElement":[{"@type":"ListItem","position":1,"name":"Home","item":"https:\/\/illumina.at\/shop\/"},{"@type":"ListItem","position":2,"name":"Versand und R\u00fcckgabe"}]},{"@type":"WebSite","@id":"https:\/\/illumina.at\/shop\/#website","url":"https:\/\/illumina.at\/shop\/","name":"Illumina - Alle Produkte","description":"","publisher":{"@id":"https:\/\/illumina.at\/shop\/#organization"},"potentialAction":[{"@type":"SearchAction","target":{"@type":"EntryPoint","urlTemplate":"https:\/\/illumina.at\/shop\/?s={search_term_string}"},"query-input":{"@type":"PropertyValueSpecification","valueRequired":true,"valueName":"search_term_string"}}],"inLanguage":"de"},{"@type":"Organization","@id":"https:\/\/illumina.at\/shop\/#organization","name":"Illumina - Alle Produkte","url":"https:\/\/illumina.at\/shop\/","logo":{"@type":"ImageObject","inLanguage":"de","@id":"https:\/\/illumina.at\/shop\/#\/schema\/logo\/image\/","url":"https:\/\/illumina.at\/shop\/wp-content\/uploads\/cropped-Illumina_Logo-768x257-1.webp","contentUrl":"https:\/\/illumina.at\/shop\/wp-content\/uploads\/cropped-Illumina_Logo-768x257-1.webp","width":250,"height":84,"caption":"Illumina - Alle Produkte"},"image":{"@id":"https:\/\/illumina.at\/shop\/#\/schema\/logo\/image\/"}}]}},"_links":{"self":[{"href":"https:\/\/illumina.at\/shop\/wp-json\/wp\/v2\/pages\/2284","targetHints":{"allow":["GET"]}}],"collection":[{"href":"https:\/\/illumina.at\/shop\/wp-json\/wp\/v2\/pages"}],"about":[{"href":"https:\/\/illumina.at\/shop\/wp-json\/wp\/v2\/types\/page"}],"author":[{"embeddable":true,"href":"https:\/\/illumina.at\/shop\/wp-json\/wp\/v2\/users\/1"}],"replies":[{"embeddable":true,"href":"https:\/\/illumina.at\/shop\/wp-json\/wp\/v2\/comments?post=2284"}],"version-history":[{"count":9,"href":"https:\/\/illumina.at\/shop\/wp-json\/wp\/v2\/pages\/2284\/revisions"}],"predecessor-version":[{"id":2300,"href":"https:\/\/illumina.at\/shop\/wp-json\/wp\/v2\/pages\/2284\/revisions\/2300"}],"wp:attachment":[{"href":"https:\/\/illumina.at\/shop\/wp-json\/wp\/v2\/media?parent=2284"}],"curies":[{"name":"wp","href":"https:\/\/api.w.org\/{rel}","templated":true}]}}